{"id":29,"date":"2023-06-06T09:15:28","date_gmt":"2023-06-06T09:15:28","guid":{"rendered":"https:\/\/pixel-werbetechnik.de\/?page_id=29"},"modified":"2024-04-24T07:37:26","modified_gmt":"2024-04-24T07:37:26","slug":"impressum","status":"publish","type":"page","link":"https:\/\/pixel-werbetechnik.de\/?page_id=29","title":{"rendered":"Impressum"},"content":{"rendered":"<p>[et_pb_section fb_built=&#8220;1&#8243; _builder_version=&#8220;4.21.0&#8243; _module_preset=&#8220;default&#8220; global_colors_info=&#8220;{}&#8220;][et_pb_row _builder_version=&#8220;4.21.0&#8243; _module_preset=&#8220;default&#8220; global_colors_info=&#8220;{}&#8220;][et_pb_column type=&#8220;4_4&#8243; _builder_version=&#8220;4.21.0&#8243; _module_preset=&#8220;default&#8220; global_colors_info=&#8220;{}&#8220;][et_pb_text _builder_version=&#8220;4.21.0&#8243; _module_preset=&#8220;default&#8220; header_font=&#8220;Montserrat||||||||&#8220; header_text_align=&#8220;center&#8220; global_colors_info=&#8220;{}&#8220;]<\/p>\n<h1>Impressum<\/h1>\n<p>[\/et_pb_text][et_pb_text _builder_version=&#8220;4.24.0&#8243; _module_preset=&#8220;default&#8220; text_font=&#8220;Montserrat||||||||&#8220; hover_enabled=&#8220;0&#8243; global_colors_info=&#8220;{}&#8220; sticky_enabled=&#8220;0&#8243;]<\/p>\n<p>Alle Rechte vorbehalten.<br \/>\u00a9 2023<br \/>Pixel-Werbetechnik GmbH<br \/><strong>Nellingerstra\u00dfe 10<\/strong><br \/><strong>73760 Ostfildern<\/strong><br \/><strong>info@pixel-werbetechnik.de<\/strong><br \/><strong>Tel.: <a href=\"+49%20(0)7158-128 45 07\">+49 (0)7158-128 45 07<\/a><\/strong><\/p>\n<p><strong>Gesch\u00e4ftsinhaber<\/strong>: Halis Aldemir<\/p>\n<p>Alle Texte, Bilder und Grafiken unterliegen dem Urheberrecht und anderen Gesetzen zum Schutz geistigen Eigentums. Sie d\u00fcrfen ohne schriftliche Genehmigung weder kopiert, noch ver\u00e4ndert oder auf anderen Web-Sites verwendet werden.<\/p>\n<p>Technische \u00c4nderungen vorbehalten. F\u00fcr fehlerhafte Angaben keine Haftung.<\/p>\n<p>Rechtlicher Hinweis! Mit Urteil vom 12. Mai 1998 \u2013 312 O 85\/98 \u2013 \u201eHaftung f\u00fcr Links\u201c hat das Landgericht (LG) Hamburg entschieden, dass man durch die Ausbringung eines Links die Inhalte der gelinkten Seite ggf. mit zu verantworten hat. Dies kann \u2013 so das LG \u2013 nur dadurch verhindert werden, dass man sich ausdr\u00fccklich von diesen Inhalten distanziert. Wir haben keinerlei Einfluss auf die Gestaltung und die Inhalte der gelinkten Seiten, und deshalb distanzieren wir uns hiermit ausdr\u00fccklich von allen Inhalten aller gelinkten Seiten auf dieser Homepage und machen uns diese Inhalte nicht zu eigen. Diese Erkl\u00e4rung gilt f\u00fcr alle auf dieser Homepage ausgebrachten Links.<\/p>\n<p>[\/et_pb_text][\/et_pb_column][\/et_pb_row][\/et_pb_section]<\/p>\n","protected":false},"excerpt":{"rendered":"<p>ImpressumAlle Rechte vorbehalten.\u00a9 2023Pixel-Werbetechnik GmbHNellingerstra\u00dfe 1073760 Ostfilderninfo@pixel-werbetechnik.deTel.: +49 (0)7158-128 45 07 Gesch\u00e4ftsinhaber: Halis Aldemir Alle Texte, Bilder und Grafiken unterliegen dem Urheberrecht und anderen Gesetzen zum Schutz geistigen Eigentums. Sie d\u00fcrfen ohne schriftliche Genehmigung weder kopiert, noch ver\u00e4ndert oder auf anderen Web-Sites verwendet werden. Technische \u00c4nderungen vorbehalten. F\u00fcr fehlerhafte Angaben keine Haftung. Rechtlicher Hinweis! Mit [&hellip;]<\/p>\n","protected":false},"author":1,"featured_media":0,"parent":0,"menu_order":0,"comment_status":"closed","ping_status":"closed","template":"","meta":{"_et_pb_use_builder":"on","_et_pb_old_content":"<!-- wp:divi\/placeholder \/-->","_et_gb_content_width":""},"_links":{"self":[{"href":"https:\/\/pixel-werbetechnik.de\/index.php?rest_route=\/wp\/v2\/pages\/29"}],"collection":[{"href":"https:\/\/pixel-werbetechnik.de\/index.php?rest_route=\/wp\/v2\/pages"}],"about":[{"href":"https:\/\/pixel-werbetechnik.de\/index.php?rest_route=\/wp\/v2\/types\/page"}],"author":[{"embeddable":true,"href":"https:\/\/pixel-werbetechnik.de\/index.php?rest_route=\/wp\/v2\/users\/1"}],"replies":[{"embeddable":true,"href":"https:\/\/pixel-werbetechnik.de\/index.php?rest_route=%2Fwp%2Fv2%2Fcomments&post=29"}],"version-history":[{"count":4,"href":"https:\/\/pixel-werbetechnik.de\/index.php?rest_route=\/wp\/v2\/pages\/29\/revisions"}],"predecessor-version":[{"id":603,"href":"https:\/\/pixel-werbetechnik.de\/index.php?rest_route=\/wp\/v2\/pages\/29\/revisions\/603"}],"wp:attachment":[{"href":"https:\/\/pixel-werbetechnik.de\/index.php?rest_route=%2Fwp%2Fv2%2Fmedia&parent=29"}],"curies":[{"name":"wp","href":"https:\/\/api.w.org\/{rel}","templated":true}]}}