{"id":41,"date":"2023-06-06T09:35:21","date_gmt":"2023-06-06T09:35:21","guid":{"rendered":"https:\/\/pixel-werbetechnik.de\/?page_id=41"},"modified":"2023-11-03T07:37:01","modified_gmt":"2023-11-03T07:37:01","slug":"werbeagentur","status":"publish","type":"page","link":"https:\/\/pixel-werbetechnik.de\/?page_id=41","title":{"rendered":"Werbeagentur"},"content":{"rendered":"<p>[et_pb_section fb_built=&#8220;1&#8243; custom_padding_last_edited=&#8220;on|phone&#8220; admin_label=&#8220;Header&#8220; _builder_version=&#8220;4.21.0&#8243; _module_preset=&#8220;default&#8220; use_background_color_gradient=&#8220;on&#8220; background_color_gradient_stops=&#8220;rgba(0,0,0,0.5) 0%|rgba(0,0,0,0.5) 100%&#8220; background_color_gradient_overlays_image=&#8220;on&#8220; background_image=&#8220;https:\/\/pixel-werbetechnik.de\/wp-content\/uploads\/2023\/06\/image_50733313-scaled.jpg&#8220; custom_padding=&#8220;350px||350px||true|false&#8220; custom_padding_tablet=&#8220;200px||200px||true|false&#8220; custom_padding_phone=&#8220;100px||100px||true|false&#8220; collapsed=&#8220;on&#8220; global_colors_info=&#8220;{}&#8220;][et_pb_row _builder_version=&#8220;4.20.0&#8243; _module_preset=&#8220;default&#8220; global_colors_info=&#8220;{}&#8220;][et_pb_column type=&#8220;4_4&#8243; _builder_version=&#8220;4.20.0&#8243; _module_preset=&#8220;default&#8220; global_colors_info=&#8220;{}&#8220;][et_pb_text _builder_version=&#8220;4.21.0&#8243; _module_preset=&#8220;c6973003-7680-4ff6-8096-dac12c77482a&#8220; header_font=&#8220;Montserrat|900||on|||||&#8220; header_text_color=&#8220;#A0D33D&#8220; text_orientation=&#8220;center&#8220; header_font_size_tablet=&#8220;30px&#8220; header_font_size_phone=&#8220;20px&#8220; header_font_size_last_edited=&#8220;on|phone&#8220; global_colors_info=&#8220;{}&#8220;]<\/p>\n<h1>werbeagentur<\/h1>\n<p>[\/et_pb_text][et_pb_button button_url=&#8220;tel:+4971581284507&#8243; button_text=&#8220;Kontaktaufnahme&#8220; button_alignment=&#8220;center&#8220; _builder_version=&#8220;4.21.0&#8243; _module_preset=&#8220;070d0076-cfe7-4466-b155-168808e9100b&#8220; button_font=&#8220;Montserrat|700||on|||||&#8220; button_icon_color=&#8220;RGBA(255,255,255,0)&#8220; global_colors_info=&#8220;{}&#8220;][\/et_pb_button][\/et_pb_column][\/et_pb_row][\/et_pb_section][et_pb_section fb_built=&#8220;1&#8243; admin_label=&#8220;Feature&#8220; _builder_version=&#8220;4.22.1&#8243; _module_preset=&#8220;default&#8220; background_color=&#8220;#FFFFFF&#8220; border_color_all=&#8220;#FFFFFF&#8220; locked=&#8220;off&#8220; collapsed=&#8220;on&#8220; global_colors_info=&#8220;{}&#8220;][et_pb_row use_custom_gutter=&#8220;on&#8220; gutter_width=&#8220;2&#8243; make_equal=&#8220;on&#8220; _builder_version=&#8220;4.22.1&#8243; _module_preset=&#8220;default&#8220; width=&#8220;74%&#8220; max_width=&#8220;1257px&#8220; module_alignment=&#8220;center&#8220; global_colors_info=&#8220;{}&#8220;][et_pb_column type=&#8220;4_4&#8243; _builder_version=&#8220;4.20.0&#8243; _module_preset=&#8220;default&#8220; global_colors_info=&#8220;{}&#8220;][et_pb_text _builder_version=&#8220;4.22.1&#8243; _module_preset=&#8220;17555d5d-21d1-4d1f-a031-fe2f2c25a93a&#8220; header_4_font=&#8220;Montserrat|700||on|||||&#8220; header_4_text_color=&#8220;#A0D33D&#8220; text_orientation=&#8220;center&#8220; global_colors_info=&#8220;{}&#8220;]<\/p>\n<h4>Wer sind wir ?<\/h4>\n<p>[\/et_pb_text][et_pb_text _builder_version=&#8220;4.23&#8243; _module_preset=&#8220;44a8a92e-0c72-4284-9729-376e83bb7c30&#8243; header_2_font=&#8220;Montserrat|700|||||||&#8220; header_2_text_color=&#8220;#000000&#8243; text_orientation=&#8220;center&#8220; hover_enabled=&#8220;0&#8243; global_colors_info=&#8220;{}&#8220; sticky_enabled=&#8220;0&#8243;]<\/p>\n<h2>Ihre Full Service Werbeagentur<\/h2>\n<p>[\/et_pb_text][et_pb_text _builder_version=&#8220;4.23&#8243; _module_preset=&#8220;fb29ed97-5ee0-461e-847c-f57e6d51e99a&#8220; text_font=&#8220;Montserrat||||||||&#8220; text_text_color=&#8220;#000000&#8243; text_orientation=&#8220;center&#8220; hover_enabled=&#8220;0&#8243; global_colors_info=&#8220;{}&#8220; sticky_enabled=&#8220;0&#8243;]<\/p>\n<p>Wir befassen uns zeit 10 Jahren mit der visuellen Kommunikation in Einzel- oder Gesamtprojekten aller Gr\u00f6\u00dferordnungen aus den verschiedensten Branchen.<\/p>\n<p>Wir k\u00fcmmern uns als Werbeagentur mit Herz und Verstand um den Markenauftritt von Unternehmen und sorgen mit flexiblen und kreativen L\u00f6sungen f\u00fcr einen optimalen Marketing -Mix und einen erfolgreichen Werbeauftritt unserer Kunden. Unsere Aufgaben erledigen wir mit einem hohen Ma\u00df an Professionalit\u00e4t und Effektivit\u00e4t.\u00a0 Unsere Werbeagentur achtet auf einen hohe Qualit\u00e4t in allen Arbeitsschritten und auf ein unkompliziertes, loyales und vertrauensvolles Verh\u00e4ltnis zu unseren Kunden.<\/p>\n<p>[\/et_pb_text][\/et_pb_column][\/et_pb_row][\/et_pb_section][et_pb_section fb_built=&#8220;1&#8243; admin_label=&#8220;Header&#8220; _builder_version=&#8220;4.21.0&#8243; _module_preset=&#8220;default&#8220; background_color=&#8220;#000000&#8243; background_enable_image=&#8220;off&#8220; background_size=&#8220;custom&#8220; background_image_width=&#8220;60%&#8220; background_position=&#8220;bottom_right&#8220; global_colors_info=&#8220;{%22gcid-cfde0ab2-491d-4201-8bc9-87511dc32fc8%22:%91%22background_color%22%93}&#8220;][et_pb_row column_structure=&#8220;3_5,2_5&#8243; use_custom_gutter=&#8220;on&#8220; make_equal=&#8220;on&#8220; _builder_version=&#8220;4.21.0&#8243; _module_preset=&#8220;default&#8220; max_width=&#8220;2026px&#8220; global_colors_info=&#8220;{}&#8220;][et_pb_column type=&#8220;3_5&#8243; _builder_version=&#8220;4.18.0&#8243; _module_preset=&#8220;default&#8220; global_colors_info=&#8220;{}&#8220;][et_pb_text _builder_version=&#8220;4.22.1&#8243; _module_preset=&#8220;e6504a1b-67eb-4b3d-b023-bcab277610b6&#8243; header_4_font=&#8220;Montserrat|700||on|||||&#8220; header_4_text_align=&#8220;left&#8220; header_4_text_color=&#8220;#FFFFFF&#8220; header_4_font_size=&#8220;14px&#8220; header_4_letter_spacing=&#8220;0.05em&#8220; header_4_line_height=&#8220;1.5em&#8220; custom_margin=&#8220;||0px||false|false&#8220; header_4_text_align_tablet=&#8220;left&#8220; header_4_text_align_phone=&#8220;center&#8220; header_4_text_align_last_edited=&#8220;on|phone&#8220; global_colors_info=&#8220;{}&#8220;]<\/p>\n<h4>Dienstleistungen<\/h4>\n<p>[\/et_pb_text][et_pb_text _builder_version=&#8220;4.22.1&#8243; _module_preset=&#8220;c16985e1-e0d6-4022-964d-e2bfc04fa633&#8243; header_font=&#8220;Montserrat|700|||||||&#8220; header_text_color=&#8220;#FFFFFF&#8220; header_font_size=&#8220;72px&#8220; header_letter_spacing=&#8220;-0.01em&#8220; header_line_height=&#8220;1.3em&#8220; header_text_align_tablet=&#8220;&#8220; header_text_align_phone=&#8220;center&#8220; header_text_align_last_edited=&#8220;on|phone&#8220; header_font_size_tablet=&#8220;30px&#8220; header_font_size_phone=&#8220;20px&#8220; header_font_size_last_edited=&#8220;on|phone&#8220; global_colors_info=&#8220;{}&#8220;]<\/p>\n<h1>Unser kreatives Vorgehen<\/h1>\n<p>[\/et_pb_text][et_pb_text _builder_version=&#8220;4.22.1&#8243; _module_preset=&#8220;518880c8-46c7-4ffa-b5a6-93ffa99dcc17&#8243; text_font=&#8220;Montserrat||||||||&#8220; text_text_color=&#8220;#FFFFFF&#8220; text_font_size=&#8220;18px&#8220; text_line_height=&#8220;1.5em&#8220; text_orientation=&#8220;center&#8220; text_font_size_tablet=&#8220;16px&#8220; text_font_size_phone=&#8220;14px&#8220; text_font_size_last_edited=&#8220;on|phone&#8220; global_colors_info=&#8220;{}&#8220;]<\/p>\n<p>Vom ersten Gespr\u00e4ch bis zum Entwurf Ihrer Ideen begleitet Sie unser Team bei der Umsetzung Ihres Projekts und sorgt daf\u00fcr, dass Sie mit der Endarbeit zufrieden sind.<\/p>\n<p>[\/et_pb_text][et_pb_button button_url=&#8220;tel:+4971581284507&#8243; button_text=&#8220;Anfrage erstellen&#8220; button_alignment_tablet=&#8220;&#8220; button_alignment_phone=&#8220;center&#8220; button_alignment_last_edited=&#8220;on|phone&#8220; _builder_version=&#8220;4.23&#8243; _module_preset=&#8220;3117bc07-6a8a-4679-b3bb-b6ed74b48a2f&#8220; custom_button=&#8220;on&#8220; button_text_size=&#8220;14px&#8220; button_text_color=&#8220;#FFFFFF&#8220; button_bg_color=&#8220;RGBA(255,255,255,0)&#8220; button_border_width=&#8220;5px&#8220; button_border_color=&#8220;#A0D33D&#8220; button_border_radius=&#8220;0px&#8220; button_font=&#8220;Poppins|700|||||||&#8220; custom_padding=&#8220;18px|30px|18px|30px|true|true&#8220; hover_enabled=&#8220;0&#8243; global_colors_info=&#8220;{}&#8220; sticky_enabled=&#8220;0&#8243;][\/et_pb_button][et_pb_image src=&#8220;https:\/\/pixel-werbetechnik.de\/wp-content\/uploads\/2023\/06\/design-agency-3.png&#8220; title_text=&#8220;design-agency-3&#8243; _builder_version=&#8220;4.18.0&#8243; _module_preset=&#8220;default&#8220; max_width_tablet=&#8220;300px&#8220; max_width_phone=&#8220;300px&#8220; max_width_last_edited=&#8220;on|tablet&#8220; custom_margin=&#8220;|||-4vw|false|false&#8220; global_colors_info=&#8220;{}&#8220;][\/et_pb_image][\/et_pb_column][et_pb_column type=&#8220;2_5&#8243; _builder_version=&#8220;4.21.0&#8243; _module_preset=&#8220;default&#8220; global_colors_info=&#8220;{}&#8220;][et_pb_blurb title=&#8220;Kundenberatung&#8220; image=&#8220;https:\/\/pixel-werbetechnik.de\/wp-content\/uploads\/2023\/06\/advice.png&#8220; icon_placement=&#8220;left&#8220; image_icon_width=&#8220;64px&#8220; content_max_width=&#8220;100%&#8220; _builder_version=&#8220;4.21.0&#8243; _module_preset=&#8220;3ac8452e-3fa2-4c17-9c0e-ecd7df2b9b18&#8243; header_font=&#8220;Poppins|700|||||||&#8220; header_font_size=&#8220;18px&#8220; header_line_height=&#8220;1.5em&#8220; body_font=&#8220;Raleway||||||||&#8220; body_font_size=&#8220;16px&#8220; body_line_height=&#8220;1.5em&#8220; background_color=&#8220;#FFFFFF&#8220; custom_padding=&#8220;30px|20px|30px|20px|true|true&#8220; custom_padding_tablet=&#8220;30px|30px|30px|30px|true|true&#8220; custom_padding_phone=&#8220;20px|20px|20px|20px|true|true&#8220; custom_padding_last_edited=&#8220;on|desktop&#8220; animation=&#8220;off&#8220; header_font_size_tablet=&#8220;16px&#8220; header_font_size_phone=&#8220;14px&#8220; header_font_size_last_edited=&#8220;on|tablet&#8220; body_font_size_tablet=&#8220;15px&#8220; body_font_size_phone=&#8220;14px&#8220; body_font_size_last_edited=&#8220;on|phone&#8220; border_radii=&#8220;on|10px|10px|10px|10px&#8220; border_width_all=&#8220;5px&#8220; border_color_all=&#8220;#000000&#8243; locked=&#8220;off&#8220; global_colors_info=&#8220;{}&#8220;]<\/p>\n<p>Wir f\u00fchren Gespr\u00e4che mit dem Kunden, um mehr Informationen \u00fcber sein Projekt zu erhalten, w\u00e4hrend wir ihn beraten, was am besten ist und was m\u00f6glich ist.<\/p>\n<p>[\/et_pb_blurb][et_pb_blurb title=&#8220;Idee und Konzeptualisierung&#8220; image=&#8220;https:\/\/pixel-werbetechnik.de\/wp-content\/uploads\/2023\/06\/design-thinking.png&#8220; icon_placement=&#8220;left&#8220; image_icon_width=&#8220;64px&#8220; content_max_width=&#8220;100%&#8220; _builder_version=&#8220;4.21.0&#8243; _module_preset=&#8220;3ac8452e-3fa2-4c17-9c0e-ecd7df2b9b18&#8243; header_font=&#8220;Poppins|700|||||||&#8220; header_font_size=&#8220;18px&#8220; header_line_height=&#8220;1.5em&#8220; body_font=&#8220;Raleway||||||||&#8220; body_font_size=&#8220;16px&#8220; body_line_height=&#8220;1.5em&#8220; background_color=&#8220;#FFFFFF&#8220; custom_padding=&#8220;30px|20px|30px|20px|true|true&#8220; custom_padding_tablet=&#8220;30px|30px|30px|30px|true|true&#8220; custom_padding_phone=&#8220;20px|20px|20px|20px|true|true&#8220; custom_padding_last_edited=&#8220;on|desktop&#8220; animation=&#8220;off&#8220; header_font_size_tablet=&#8220;16px&#8220; header_font_size_phone=&#8220;14px&#8220; header_font_size_last_edited=&#8220;on|tablet&#8220; body_font_size_tablet=&#8220;15px&#8220; body_font_size_phone=&#8220;14px&#8220; body_font_size_last_edited=&#8220;on|phone&#8220; border_radii=&#8220;on|10px|10px|10px|10px&#8220; border_width_all=&#8220;5px&#8220; border_color_all=&#8220;#000000&#8243; locked=&#8220;off&#8220; global_colors_info=&#8220;{}&#8220;]<\/p>\n<p>Wir finden kreative Ideen, die Ihren Anforderungen am besten entsprechen und machen Ihnen ein Konzept, das funktioniert.<\/p>\n<p>[\/et_pb_blurb][et_pb_blurb title=&#8220;Gestaltung und Design&#8220; image=&#8220;https:\/\/pixel-werbetechnik.de\/wp-content\/uploads\/2023\/06\/graphic-designer.png&#8220; icon_placement=&#8220;left&#8220; image_icon_width=&#8220;64px&#8220; content_max_width=&#8220;100%&#8220; _builder_version=&#8220;4.21.0&#8243; _module_preset=&#8220;3ac8452e-3fa2-4c17-9c0e-ecd7df2b9b18&#8243; header_font=&#8220;Poppins|700|||||||&#8220; header_font_size=&#8220;18px&#8220; header_line_height=&#8220;1.5em&#8220; body_font=&#8220;Raleway||||||||&#8220; body_font_size=&#8220;16px&#8220; body_line_height=&#8220;1.5em&#8220; background_color=&#8220;#FFFFFF&#8220; custom_padding=&#8220;30px|20px|30px|20px|true|true&#8220; custom_padding_tablet=&#8220;30px|30px|30px|30px|true|true&#8220; custom_padding_phone=&#8220;20px|20px|20px|20px|true|true&#8220; custom_padding_last_edited=&#8220;on|desktop&#8220; animation=&#8220;off&#8220; header_font_size_tablet=&#8220;16px&#8220; header_font_size_phone=&#8220;14px&#8220; header_font_size_last_edited=&#8220;on|tablet&#8220; body_font_size_tablet=&#8220;15px&#8220; body_font_size_phone=&#8220;14px&#8220; body_font_size_last_edited=&#8220;on|phone&#8220; border_radii=&#8220;on|10px|10px|10px|10px&#8220; border_width_all=&#8220;5px&#8220; border_color_all=&#8220;#000000&#8243; locked=&#8220;off&#8220; global_colors_info=&#8220;{}&#8220;]<\/p>\n<p>Unser Team f\u00fcr kreatives Design k\u00fcmmert sich also um die Gestaltung der zuvor ausgew\u00e4hlten Konzepte. Das Team wird von der verantwortlichen Leitung begleitet, die die Entw\u00fcrfe verbessert und korrigiert.<\/p>\n<p>[\/et_pb_blurb][et_pb_blurb title=&#8220;Best\u00e4tigung und Produktion&#8220; image=&#8220;https:\/\/pixel-werbetechnik.de\/wp-content\/uploads\/2023\/06\/inkjet.png&#8220; icon_placement=&#8220;left&#8220; image_icon_width=&#8220;64px&#8220; content_max_width=&#8220;100%&#8220; _builder_version=&#8220;4.21.0&#8243; _module_preset=&#8220;3ac8452e-3fa2-4c17-9c0e-ecd7df2b9b18&#8243; header_font=&#8220;Poppins|700|||||||&#8220; header_font_size=&#8220;18px&#8220; header_line_height=&#8220;1.5em&#8220; body_font=&#8220;Raleway||||||||&#8220; body_font_size=&#8220;16px&#8220; body_line_height=&#8220;1.5em&#8220; background_color=&#8220;#FFFFFF&#8220; custom_padding=&#8220;30px|20px|30px|20px|true|true&#8220; custom_padding_tablet=&#8220;30px|30px|30px|30px|true|true&#8220; custom_padding_phone=&#8220;20px|20px|20px|20px|true|true&#8220; custom_padding_last_edited=&#8220;on|desktop&#8220; animation=&#8220;off&#8220; header_font_size_tablet=&#8220;16px&#8220; header_font_size_phone=&#8220;14px&#8220; header_font_size_last_edited=&#8220;on|tablet&#8220; body_font_size_tablet=&#8220;15px&#8220; body_font_size_phone=&#8220;14px&#8220; body_font_size_last_edited=&#8220;on|phone&#8220; border_radii=&#8220;on|10px|10px|10px|10px&#8220; border_width_all=&#8220;5px&#8220; border_color_all=&#8220;#000000&#8243; locked=&#8220;off&#8220; global_colors_info=&#8220;{}&#8220;]<\/p>\n<p>Wir zeigen dem Kunden das Endergebnis, damit er es best\u00e4tigt und m\u00f6gliche Korrekturvorschl\u00e4ge macht.<\/p>\n<p>[\/et_pb_blurb][et_pb_blurb title=&#8220;Montage&#8220; image=&#8220;https:\/\/pixel-werbetechnik.de\/wp-content\/uploads\/2023\/06\/maintenance.png&#8220; icon_placement=&#8220;left&#8220; image_icon_width=&#8220;64px&#8220; content_max_width=&#8220;100%&#8220; _builder_version=&#8220;4.21.0&#8243; _module_preset=&#8220;3ac8452e-3fa2-4c17-9c0e-ecd7df2b9b18&#8243; header_font=&#8220;Poppins|700|||||||&#8220; header_font_size=&#8220;18px&#8220; header_line_height=&#8220;1.5em&#8220; body_font=&#8220;Raleway||||||||&#8220; body_font_size=&#8220;16px&#8220; body_line_height=&#8220;1.5em&#8220; background_color=&#8220;#FFFFFF&#8220; custom_padding=&#8220;30px|20px|30px|20px|true|true&#8220; custom_padding_tablet=&#8220;30px|30px|30px|30px|true|true&#8220; custom_padding_phone=&#8220;20px|20px|20px|20px|true|true&#8220; custom_padding_last_edited=&#8220;on|desktop&#8220; animation=&#8220;off&#8220; header_font_size_tablet=&#8220;16px&#8220; header_font_size_phone=&#8220;14px&#8220; header_font_size_last_edited=&#8220;on|tablet&#8220; body_font_size_tablet=&#8220;15px&#8220; body_font_size_phone=&#8220;14px&#8220; body_font_size_last_edited=&#8220;on|phone&#8220; border_radii=&#8220;on|10px|10px|10px|10px&#8220; border_width_all=&#8220;5px&#8220; border_color_all=&#8220;#000000&#8243; locked=&#8220;off&#8220; global_colors_info=&#8220;{}&#8220;]<\/p>\n<p>Wenn die Produktion abgeschlossen ist, montieren wir Ihr Projekt und machen es lebensf\u00e4hig.<\/p>\n<p>[\/et_pb_blurb][\/et_pb_column][\/et_pb_row][\/et_pb_section][et_pb_section fb_built=&#8220;1&#8243; _builder_version=&#8220;4.22.1&#8243; _module_preset=&#8220;default&#8220; background_color=&#8220;#FFFFFF&#8220; border_color_all=&#8220;#FFFFFF&#8220; global_colors_info=&#8220;{}&#8220;][et_pb_row use_custom_gutter=&#8220;on&#8220; make_equal=&#8220;on&#8220; _builder_version=&#8220;4.21.0&#8243; _module_preset=&#8220;default&#8220; max_width=&#8220;1902px&#8220; global_colors_info=&#8220;{}&#8220;][et_pb_column type=&#8220;4_4&#8243; _builder_version=&#8220;4.21.0&#8243; _module_preset=&#8220;default&#8220; global_colors_info=&#8220;{}&#8220;][et_pb_text _builder_version=&#8220;4.22.1&#8243; _module_preset=&#8220;default&#8220; header_2_font=&#8220;Montserrat|800|||||||&#8220; header_2_text_align=&#8220;center&#8220; header_2_text_color=&#8220;#000000&#8243; header_2_font_size=&#8220;40px&#8220; header_2_font_size_tablet=&#8220;30px&#8220; header_2_font_size_phone=&#8220;20px&#8220; header_2_font_size_last_edited=&#8220;on|phone&#8220; global_colors_info=&#8220;{}&#8220;]<\/p>\n<h2>Auftragsgebiete<\/h2>\n<p>[\/et_pb_text][et_pb_text _builder_version=&#8220;4.22.1&#8243; _module_preset=&#8220;default&#8220; text_font=&#8220;Montserrat|800|||||||&#8220; text_text_color=&#8220;#A0D33D&#8220; text_font_size=&#8220;18px&#8220; text_orientation=&#8220;center&#8220; global_colors_info=&#8220;{}&#8220;]<\/p>\n<p>Auftr\u00e4ge in den Gebieten wie Fellbach, Waiblingen, Winnenden, Backnang, Esslingen, Stuttgart, G\u00f6ppingen, B\u00f6blingen, Heilbronn, Sindelfingen, Ludwigsburg, Pforzheim, N\u00fcrtingen, Ostfildern, Karlsruhe, Neuhausen, Scharnhausen, Ruit, Heumaden, Degerloch, Hemmingen, K\u00f6ngen, Filderstadt, D\u00fcsseldorf, Bad-Canstadt haben wir mit Erfolg erledigt.<\/p>\n<p>[\/et_pb_text][\/et_pb_column][\/et_pb_row][\/et_pb_section]<\/p>\n","protected":false},"excerpt":{"rendered":"<p>werbeagenturWer sind wir ?Ihre Full Service WerbeagenturWir befassen uns zeit 10 Jahren mit der visuellen Kommunikation in Einzel- oder Gesamtprojekten aller Gr\u00f6\u00dferordnungen aus den verschiedensten Branchen. Wir k\u00fcmmern uns als Werbeagentur mit Herz und Verstand um den Markenauftritt von Unternehmen und sorgen mit flexiblen und kreativen L\u00f6sungen f\u00fcr einen optimalen Marketing -Mix und einen erfolgreichen [&hellip;]<\/p>\n","protected":false},"author":1,"featured_media":0,"parent":0,"menu_order":0,"comment_status":"closed","ping_status":"closed","template":"","meta":{"_et_pb_use_builder":"on","_et_pb_old_content":"<!-- wp:divi\/placeholder \/-->","_et_gb_content_width":""},"_links":{"self":[{"href":"https:\/\/pixel-werbetechnik.de\/index.php?rest_route=\/wp\/v2\/pages\/41"}],"collection":[{"href":"https:\/\/pixel-werbetechnik.de\/index.php?rest_route=\/wp\/v2\/pages"}],"about":[{"href":"https:\/\/pixel-werbetechnik.de\/index.php?rest_route=\/wp\/v2\/types\/page"}],"author":[{"embeddable":true,"href":"https:\/\/pixel-werbetechnik.de\/index.php?rest_route=\/wp\/v2\/users\/1"}],"replies":[{"embeddable":true,"href":"https:\/\/pixel-werbetechnik.de\/index.php?rest_route=%2Fwp%2Fv2%2Fcomments&post=41"}],"version-history":[{"count":21,"href":"https:\/\/pixel-werbetechnik.de\/index.php?rest_route=\/wp\/v2\/pages\/41\/revisions"}],"predecessor-version":[{"id":597,"href":"https:\/\/pixel-werbetechnik.de\/index.php?rest_route=\/wp\/v2\/pages\/41\/revisions\/597"}],"wp:attachment":[{"href":"https:\/\/pixel-werbetechnik.de\/index.php?rest_route=%2Fwp%2Fv2%2Fmedia&parent=41"}],"curies":[{"name":"wp","href":"https:\/\/api.w.org\/{rel}","templated":true}]}}