{"id":70,"date":"2023-06-06T09:40:03","date_gmt":"2023-06-06T09:40:03","guid":{"rendered":"https:\/\/pixel-werbetechnik.de\/?page_id=70"},"modified":"2023-06-12T10:32:20","modified_gmt":"2023-06-12T10:32:20","slug":"printmedien","status":"publish","type":"page","link":"https:\/\/pixel-werbetechnik.de\/?page_id=70","title":{"rendered":"Printmedien"},"content":{"rendered":"<p>[et_pb_section fb_built=&#8220;1&#8243; custom_padding_last_edited=&#8220;on|phone&#8220; admin_label=&#8220;Header&#8220; _builder_version=&#8220;4.21.0&#8243; _module_preset=&#8220;default&#8220; use_background_color_gradient=&#8220;on&#8220; background_color_gradient_stops=&#8220;rgba(0,0,0,0.5) 0%|rgba(0,0,0,0.5) 100%&#8220; background_color_gradient_overlays_image=&#8220;on&#8220; background_image=&#8220;https:\/\/pixel-werbetechnik.de\/wp-content\/uploads\/2023\/06\/man-working-printing-house-with-paper-paints1-scaled.jpg&#8220; custom_padding=&#8220;350px||350px||true|false&#8220; custom_padding_tablet=&#8220;200px||200px||true|false&#8220; custom_padding_phone=&#8220;100px||100px||true|false&#8220; collapsed=&#8220;on&#8220; global_colors_info=&#8220;{}&#8220;][et_pb_row _builder_version=&#8220;4.20.0&#8243; _module_preset=&#8220;default&#8220; global_colors_info=&#8220;{}&#8220;][et_pb_column type=&#8220;4_4&#8243; _builder_version=&#8220;4.20.0&#8243; _module_preset=&#8220;default&#8220; global_colors_info=&#8220;{}&#8220;][et_pb_text _builder_version=&#8220;4.21.0&#8243; _module_preset=&#8220;c6973003-7680-4ff6-8096-dac12c77482a&#8220; header_font=&#8220;Montserrat|900||on|||||&#8220; header_text_color=&#8220;#A0D33D&#8220; header_font_size=&#8220;58px&#8220; text_orientation=&#8220;center&#8220; global_colors_info=&#8220;{}&#8220;]<\/p>\n<h1>PrintMedien<\/h1>\n<p>[\/et_pb_text][et_pb_button button_url=&#8220;tel:+4971581284507&#8243; button_text=&#8220;Kontaktaufnahme&#8220; button_alignment=&#8220;center&#8220; _builder_version=&#8220;4.21.0&#8243; _module_preset=&#8220;070d0076-cfe7-4466-b155-168808e9100b&#8220; button_font=&#8220;Montserrat|700||on|||||&#8220; button_icon_color=&#8220;RGBA(255,255,255,0)&#8220; hover_enabled=&#8220;0&#8243; global_colors_info=&#8220;{}&#8220; sticky_enabled=&#8220;0&#8243;][\/et_pb_button][\/et_pb_column][\/et_pb_row][\/et_pb_section][et_pb_section fb_built=&#8220;1&#8243; admin_label=&#8220;About&#8220; _builder_version=&#8220;4.21.0&#8243; _module_preset=&#8220;default&#8220; background_color=&#8220;#000000&#8243; custom_padding=&#8220;16px||0px|||&#8220; collapsed=&#8220;on&#8220; global_colors_info=&#8220;{}&#8220;][et_pb_row column_structure=&#8220;1_2,1_2&#8243; use_custom_gutter=&#8220;on&#8220; gutter_width=&#8220;2&#8243; make_equal=&#8220;on&#8220; _builder_version=&#8220;4.21.0&#8243; _module_preset=&#8220;default&#8220; width=&#8220;86%&#8220; max_width=&#8220;2015px&#8220; global_colors_info=&#8220;{}&#8220;][et_pb_column type=&#8220;1_2&#8243; _builder_version=&#8220;4.20.0&#8243; _module_preset=&#8220;default&#8220; global_colors_info=&#8220;{}&#8220;][et_pb_text _builder_version=&#8220;4.21.0&#8243; _module_preset=&#8220;14db7dd0-3d89-4872-9444-b715429c39cd&#8220; text_font=&#8220;Montserrat||||||||&#8220; text_text_color=&#8220;#FFFFFF&#8220; link_font=&#8220;Montserrat||||||||&#8220; link_text_color=&#8220;#A0D33D&#8220; text_orientation_tablet=&#8220;justified&#8220; text_orientation_phone=&#8220;justified&#8220; text_orientation_last_edited=&#8220;on|phone&#8220; global_colors_info=&#8220;{}&#8220;]<\/p>\n<p>Dieser Begriff ist ein Synonym f\u00fcr gedruckte Medien. Flyer, Brosch\u00fcren, Postkarten, Bl\u00f6cke und vieles mehr k\u00f6nnen von Mediengestaltern und Grafikdesignern professionell f\u00fcr Ihr Unternehmen gestaltet werden. F\u00fcr die Gestaltung von Printmedien sollten individuelle, hochwertige Grafiken und Fotografien verwendet werden, die auf die Corporate Identity des Unternehmens abgestimmt sind. Mit Printmedien haben Sie die M\u00f6glichkeit, Ihr Unternehmen auch au\u00dferhalb des Internets zu pr\u00e4sentieren und Ihren Kunden etwas &#8222;in die Hand&#8220; zu geben!<\/p>\n<p>Um Ihre Dienstleistungen oder Produkte zu bewerben, empfehlen wir oft die Verwendung von hochwertigen Printmedien, um die Reichweite Ihrer Marke zu erh\u00f6hen.<\/p>\n<p>Die Begriffe &#8222;<a href=\"https:\/\/pixel-werbetechnik.de\/?page_id=70\">Printmedien<\/a>&#8220; und &#8222;Printprodukte&#8220; werden auch als Synonyme f\u00fcr Printmedien verwendet. Professionell gestaltete Printmedien sprechen Ihre Zielgruppe durch ihre visuelle Gestaltung, ihren Inhalt und ihre Haptik an. Die Wirkung von Printmedien kann potenzielle Kunden emotional erreichen, wenn Ihre Agentur sie optimal aufbereitet. Folgende Werbemittel k\u00f6nnen zum Beispiel f\u00fcr die Kommunikation genutzt werden:<\/p>\n<ul>\n<li>Kataloge, Brosch\u00fcren, Flyer<\/li>\n<li>Visitenkarten, Postkarten<\/li>\n<li>Bl\u00f6cke, Briefpapier,<\/li>\n<li>Rechnungsvorlagen<\/li>\n<li>Postwurfsendungen, Flyer<\/li>\n<li>Werbeanzeigen in Fachzeitschriften,<\/li>\n<li>Tagespresse &amp; Magazinen<\/li>\n<li>Anzeigenschaltung in Katalogen oder Kompendien<\/li>\n<li>Attraktive, gro\u00dffl\u00e4chige Poster und Plakate<\/li>\n<\/ul>\n<p><a href=\"https:\/\/pixel-werbetechnik.de\">Pixel Werbetechnik<\/a> \u00fcbernimmt das Design und die Druckvorstufe Ihrer <a href=\"https:\/\/pixel-werbetechnik.de\/?page_id=70\">Printmedien<\/a>.<\/p>\n<p>[\/et_pb_text][et_pb_button button_url=&#8220;tel:+4971581284507&#8243; button_text=&#8220;Mehr erfahren&#8220; button_alignment_tablet=&#8220;center&#8220; button_alignment_phone=&#8220;center&#8220; button_alignment_last_edited=&#8220;on|phone&#8220; _builder_version=&#8220;4.21.0&#8243; _module_preset=&#8220;76be4e3e-36f9-4f36-933b-64b007145c02&#8243; button_text_color=&#8220;#A0D33D&#8220; button_border_color=&#8220;#A0D33D&#8220; button_border_radius=&#8220;0px&#8220; button_font=&#8220;Montserrat|700|||||||&#8220; hover_enabled=&#8220;0&#8243; global_colors_info=&#8220;{%22gcid-8cdb4e16-0e89-4c38-b30b-9fe41127e3f5%22:%91%22button_text_color%22%93}&#8220; sticky_enabled=&#8220;0&#8243;][\/et_pb_button][\/et_pb_column][et_pb_column type=&#8220;1_2&#8243; _builder_version=&#8220;4.20.0&#8243; _module_preset=&#8220;default&#8220; global_colors_info=&#8220;{}&#8220;][et_pb_image src=&#8220;https:\/\/pixel-werbetechnik.de\/wp-content\/uploads\/2023\/06\/man-working-printing-house-with-paper-paints2-scaled.jpg&#8220; title_text=&#8220;Man working in printing house with paper and paints&#8220; _builder_version=&#8220;4.21.0&#8243; _module_preset=&#8220;default&#8220; global_colors_info=&#8220;{}&#8220;][\/et_pb_image][\/et_pb_column][\/et_pb_row][\/et_pb_section][et_pb_section fb_built=&#8220;1&#8243; _builder_version=&#8220;4.21.0&#8243; _module_preset=&#8220;default&#8220; background_color=&#8220;#000000&#8243; custom_padding=&#8220;0px||0px|||&#8220; border_color_all=&#8220;#FFFFFF&#8220; global_colors_info=&#8220;{}&#8220;][et_pb_row use_custom_gutter=&#8220;on&#8220; make_equal=&#8220;on&#8220; _builder_version=&#8220;4.21.0&#8243; _module_preset=&#8220;default&#8220; max_width=&#8220;1902px&#8220; global_colors_info=&#8220;{}&#8220;][et_pb_column type=&#8220;4_4&#8243; _builder_version=&#8220;4.21.0&#8243; _module_preset=&#8220;default&#8220; global_colors_info=&#8220;{}&#8220;][et_pb_text _builder_version=&#8220;4.21.0&#8243; _module_preset=&#8220;default&#8220; header_2_font=&#8220;Montserrat|800|||||||&#8220; header_2_text_align=&#8220;center&#8220; header_2_text_color=&#8220;#FFFFFF&#8220; header_2_font_size=&#8220;40px&#8220; header_2_font_size_tablet=&#8220;30px&#8220; header_2_font_size_phone=&#8220;20px&#8220; header_2_font_size_last_edited=&#8220;on|phone&#8220; global_colors_info=&#8220;{}&#8220;]<\/p>\n<h2>Auftragsgebiete<\/h2>\n<p>[\/et_pb_text][et_pb_text _builder_version=&#8220;4.21.0&#8243; _module_preset=&#8220;default&#8220; text_font=&#8220;Montserrat||||||||&#8220; text_text_color=&#8220;#A0D33D&#8220; text_font_size=&#8220;18px&#8220; text_orientation=&#8220;center&#8220; global_colors_info=&#8220;{}&#8220;]<\/p>\n<p>Auftr\u00e4ge in den Gebieten wie Fellbach, Waiblingen, Winnenden, Backnang, Esslingen, Stuttgart, G\u00f6ppingen, B\u00f6blingen, Heilbronn, Sindelfingen, Ludwigsburg, Pforzheim, N\u00fcrtingen, Ostfildern, Karlsruhe, Neuhausen, Scharnhausen, Ruit, Heumaden, Degerloch, Hemmingen, K\u00f6ngen, Filderstadt, D\u00fcsseldorf, Bad-Canstadt haben wir mit Erfolg erledigt.<\/p>\n<p>[\/et_pb_text][\/et_pb_column][\/et_pb_row][\/et_pb_section]<\/p>\n","protected":false},"excerpt":{"rendered":"<p>PrintMedienDieser Begriff ist ein Synonym f\u00fcr gedruckte Medien. Flyer, Brosch\u00fcren, Postkarten, Bl\u00f6cke und vieles mehr k\u00f6nnen von Mediengestaltern und Grafikdesignern professionell f\u00fcr Ihr Unternehmen gestaltet werden. F\u00fcr die Gestaltung von Printmedien sollten individuelle, hochwertige Grafiken und Fotografien verwendet werden, die auf die Corporate Identity des Unternehmens abgestimmt sind. Mit Printmedien haben Sie die M\u00f6glichkeit, Ihr [&hellip;]<\/p>\n","protected":false},"author":1,"featured_media":0,"parent":0,"menu_order":0,"comment_status":"closed","ping_status":"closed","template":"","meta":{"_et_pb_use_builder":"on","_et_pb_old_content":"<!-- wp:divi\/placeholder \/-->","_et_gb_content_width":""},"_links":{"self":[{"href":"https:\/\/pixel-werbetechnik.de\/index.php?rest_route=\/wp\/v2\/pages\/70"}],"collection":[{"href":"https:\/\/pixel-werbetechnik.de\/index.php?rest_route=\/wp\/v2\/pages"}],"about":[{"href":"https:\/\/pixel-werbetechnik.de\/index.php?rest_route=\/wp\/v2\/types\/page"}],"author":[{"embeddable":true,"href":"https:\/\/pixel-werbetechnik.de\/index.php?rest_route=\/wp\/v2\/users\/1"}],"replies":[{"embeddable":true,"href":"https:\/\/pixel-werbetechnik.de\/index.php?rest_route=%2Fwp%2Fv2%2Fcomments&post=70"}],"version-history":[{"count":7,"href":"https:\/\/pixel-werbetechnik.de\/index.php?rest_route=\/wp\/v2\/pages\/70\/revisions"}],"predecessor-version":[{"id":385,"href":"https:\/\/pixel-werbetechnik.de\/index.php?rest_route=\/wp\/v2\/pages\/70\/revisions\/385"}],"wp:attachment":[{"href":"https:\/\/pixel-werbetechnik.de\/index.php?rest_route=%2Fwp%2Fv2%2Fmedia&parent=70"}],"curies":[{"name":"wp","href":"https:\/\/api.w.org\/{rel}","templated":true}]}}